{"id":323,"date":"2019-12-02T17:30:28","date_gmt":"2019-12-02T22:30:28","guid":{"rendered":"https:\/\/www.montrealfertility.com\/home\/"},"modified":"2020-02-18T15:19:52","modified_gmt":"2020-02-18T20:19:52","slug":"home","status":"publish","type":"page","link":"https:\/\/www.montrealfertility.com\/fr\/","title":{"rendered":"Centre de fertilit\u00e9"},"content":{"rendered":"<div id=\"cs-content\" class=\"cs-content\"><\/div>\n","protected":false},"excerpt":{"rendered":"<p>D\u00e9couvrez notre mission et nos Valeurs Nous pouvons vous aider dans votre D\u00e9marche Contactez-nous et prenez Rendez-vous<\/p>\n","protected":false},"author":1,"featured_media":0,"parent":0,"menu_order":0,"comment_status":"closed","ping_status":"closed","template":"template-blank-4.php","meta":{"footnotes":""},"class_list":["post-323","page","type-page","status-publish","hentry","no-post-thumbnail"],"yoast_head":"<!-- This site is optimized with the Yoast SEO plugin v22.7 - https:\/\/yoast.com\/wordpress\/plugins\/seo\/ -->\n<title>Le Centre de Fertilit\u00e9 de Montr\u00e9al Vous Accueille<\/title>\n<meta name=\"description\" content=\"Offre aux patients infertiles des soins personnalis\u00e9s de la plus haute qualit\u00e9 dans un cadre agr\u00e9able et de fine pointe.\" \/>\n<meta name=\"robots\" content=\"index, follow, max-snippet:-1, max-image-preview:large, max-video-preview:-1\" \/>\n<link rel=\"canonical\" href=\"https:\/\/www.montrealfertility.com\/fr\/\" \/>\n<meta property=\"og:locale\" content=\"fr_FR\" \/>\n<meta property=\"og:type\" content=\"article\" \/>\n<meta property=\"og:title\" content=\"Le Centre de Fertilit\u00e9 de Montr\u00e9al Vous Accueille\" \/>\n<meta property=\"og:description\" content=\"Offre aux patients infertiles des soins personnalis\u00e9s de la plus haute qualit\u00e9 dans un cadre agr\u00e9able et de fine pointe.\" \/>\n<meta property=\"og:url\" content=\"https:\/\/www.montrealfertility.com\/fr\/\" \/>\n<meta property=\"og:site_name\" content=\"Montreal Fertility Center\" \/>\n<meta property=\"article:modified_time\" content=\"2020-02-18T20:19:52+00:00\" \/>\n<meta property=\"og:image\" content=\"https:\/\/www.montrealfertility.com\/wp-content\/uploads\/2019\/05\/centre_fertilite_montreal_garcon-1010x730.jpg\" \/>\n<meta name=\"twitter:card\" content=\"summary_large_image\" \/>\n<meta name=\"twitter:label1\" content=\"Dur\u00e9e de lecture estim\u00e9e\" \/>\n\t<meta name=\"twitter:data1\" content=\"1 minute\" \/>\n<script type=\"application\/ld+json\" class=\"yoast-schema-graph\">{\"@context\":\"https:\/\/schema.org\",\"@graph\":[{\"@type\":\"WebPage\",\"@id\":\"https:\/\/www.montrealfertility.com\/fr\/\",\"url\":\"https:\/\/www.montrealfertility.com\/fr\/\",\"name\":\"Le Centre de Fertilit\u00e9 de Montr\u00e9al Vous Accueille\",\"isPartOf\":{\"@id\":\"https:\/\/www.montrealfertility.com\/#website\"},\"primaryImageOfPage\":{\"@id\":\"https:\/\/www.montrealfertility.com\/fr\/#primaryimage\"},\"image\":{\"@id\":\"https:\/\/www.montrealfertility.com\/fr\/#primaryimage\"},\"thumbnailUrl\":\"https:\/\/www.montrealfertility.com\/wp-content\/uploads\/2019\/05\/centre_fertilite_montreal_garcon-1010x730.jpg\",\"datePublished\":\"2019-12-02T22:30:28+00:00\",\"dateModified\":\"2020-02-18T20:19:52+00:00\",\"description\":\"Offre aux patients infertiles des soins personnalis\u00e9s de la plus haute qualit\u00e9 dans un cadre agr\u00e9able et de fine pointe.\",\"breadcrumb\":{\"@id\":\"https:\/\/www.montrealfertility.com\/fr\/#breadcrumb\"},\"inLanguage\":\"fr-FR\",\"potentialAction\":[{\"@type\":\"ReadAction\",\"target\":[\"https:\/\/www.montrealfertility.com\/fr\/\"]}]},{\"@type\":\"ImageObject\",\"inLanguage\":\"fr-FR\",\"@id\":\"https:\/\/www.montrealfertility.com\/fr\/#primaryimage\",\"url\":\"https:\/\/www.montrealfertility.com\/wp-content\/uploads\/2019\/05\/centre_fertilite_montreal_garcon-1010x730.jpg\",\"contentUrl\":\"https:\/\/www.montrealfertility.com\/wp-content\/uploads\/2019\/05\/centre_fertilite_montreal_garcon-1010x730.jpg\"},{\"@type\":\"BreadcrumbList\",\"@id\":\"https:\/\/www.montrealfertility.com\/fr\/#breadcrumb\",\"itemListElement\":[{\"@type\":\"ListItem\",\"position\":1,\"name\":\"Home\",\"item\":\"https:\/\/www.montrealfertility.com\/fr\/\"},{\"@type\":\"ListItem\",\"position\":2,\"name\":\"Centre de fertilit\u00e9\"}]},{\"@type\":\"WebSite\",\"@id\":\"https:\/\/www.montrealfertility.com\/#website\",\"url\":\"https:\/\/www.montrealfertility.com\/\",\"name\":\"Montreal Fertility Center\",\"description\":\"Fertility Clinic in Montreal, QC, Canada.\",\"publisher\":{\"@id\":\"https:\/\/www.montrealfertility.com\/#organization\"},\"potentialAction\":[{\"@type\":\"SearchAction\",\"target\":{\"@type\":\"EntryPoint\",\"urlTemplate\":\"https:\/\/www.montrealfertility.com\/?s={search_term_string}\"},\"query-input\":\"required name=search_term_string\"}],\"inLanguage\":\"fr-FR\"},{\"@type\":\"Organization\",\"@id\":\"https:\/\/www.montrealfertility.com\/#organization\",\"name\":\"The Montreal Fertility Center\",\"url\":\"https:\/\/www.montrealfertility.com\/\",\"logo\":{\"@type\":\"ImageObject\",\"inLanguage\":\"fr-FR\",\"@id\":\"https:\/\/www.montrealfertility.com\/#\/schema\/logo\/image\/\",\"url\":\"https:\/\/www.montrealfertility.com\/wp-content\/uploads\/2019\/12\/montreal-fertility-center.png\",\"contentUrl\":\"https:\/\/www.montrealfertility.com\/wp-content\/uploads\/2019\/12\/montreal-fertility-center.png\",\"width\":192,\"height\":191,\"caption\":\"The Montreal Fertility Center\"},\"image\":{\"@id\":\"https:\/\/www.montrealfertility.com\/#\/schema\/logo\/image\/\"}}]}<\/script>\n<!-- \/ Yoast SEO plugin. -->","yoast_head_json":{"title":"Le Centre de Fertilit\u00e9 de Montr\u00e9al Vous Accueille","description":"Offre aux patients infertiles des soins personnalis\u00e9s de la plus haute qualit\u00e9 dans un cadre agr\u00e9able et de fine pointe.","robots":{"index":"index","follow":"follow","max-snippet":"max-snippet:-1","max-image-preview":"max-image-preview:large","max-video-preview":"max-video-preview:-1"},"canonical":"https:\/\/www.montrealfertility.com\/fr\/","og_locale":"fr_FR","og_type":"article","og_title":"Le Centre de Fertilit\u00e9 de Montr\u00e9al Vous Accueille","og_description":"Offre aux patients infertiles des soins personnalis\u00e9s de la plus haute qualit\u00e9 dans un cadre agr\u00e9able et de fine pointe.","og_url":"https:\/\/www.montrealfertility.com\/fr\/","og_site_name":"Montreal Fertility Center","article_modified_time":"2020-02-18T20:19:52+00:00","og_image":[{"url":"https:\/\/www.montrealfertility.com\/wp-content\/uploads\/2019\/05\/centre_fertilite_montreal_garcon-1010x730.jpg"}],"twitter_card":"summary_large_image","twitter_misc":{"Dur\u00e9e de lecture estim\u00e9e":"1 minute"},"schema":{"@context":"https:\/\/schema.org","@graph":[{"@type":"WebPage","@id":"https:\/\/www.montrealfertility.com\/fr\/","url":"https:\/\/www.montrealfertility.com\/fr\/","name":"Le Centre de Fertilit\u00e9 de Montr\u00e9al Vous Accueille","isPartOf":{"@id":"https:\/\/www.montrealfertility.com\/#website"},"primaryImageOfPage":{"@id":"https:\/\/www.montrealfertility.com\/fr\/#primaryimage"},"image":{"@id":"https:\/\/www.montrealfertility.com\/fr\/#primaryimage"},"thumbnailUrl":"https:\/\/www.montrealfertility.com\/wp-content\/uploads\/2019\/05\/centre_fertilite_montreal_garcon-1010x730.jpg","datePublished":"2019-12-02T22:30:28+00:00","dateModified":"2020-02-18T20:19:52+00:00","description":"Offre aux patients infertiles des soins personnalis\u00e9s de la plus haute qualit\u00e9 dans un cadre agr\u00e9able et de fine pointe.","breadcrumb":{"@id":"https:\/\/www.montrealfertility.com\/fr\/#breadcrumb"},"inLanguage":"fr-FR","potentialAction":[{"@type":"ReadAction","target":["https:\/\/www.montrealfertility.com\/fr\/"]}]},{"@type":"ImageObject","inLanguage":"fr-FR","@id":"https:\/\/www.montrealfertility.com\/fr\/#primaryimage","url":"https:\/\/www.montrealfertility.com\/wp-content\/uploads\/2019\/05\/centre_fertilite_montreal_garcon-1010x730.jpg","contentUrl":"https:\/\/www.montrealfertility.com\/wp-content\/uploads\/2019\/05\/centre_fertilite_montreal_garcon-1010x730.jpg"},{"@type":"BreadcrumbList","@id":"https:\/\/www.montrealfertility.com\/fr\/#breadcrumb","itemListElement":[{"@type":"ListItem","position":1,"name":"Home","item":"https:\/\/www.montrealfertility.com\/fr\/"},{"@type":"ListItem","position":2,"name":"Centre de fertilit\u00e9"}]},{"@type":"WebSite","@id":"https:\/\/www.montrealfertility.com\/#website","url":"https:\/\/www.montrealfertility.com\/","name":"Montreal Fertility Center","description":"Fertility Clinic in Montreal, QC, Canada.","publisher":{"@id":"https:\/\/www.montrealfertility.com\/#organization"},"potentialAction":[{"@type":"SearchAction","target":{"@type":"EntryPoint","urlTemplate":"https:\/\/www.montrealfertility.com\/?s={search_term_string}"},"query-input":"required name=search_term_string"}],"inLanguage":"fr-FR"},{"@type":"Organization","@id":"https:\/\/www.montrealfertility.com\/#organization","name":"The Montreal Fertility Center","url":"https:\/\/www.montrealfertility.com\/","logo":{"@type":"ImageObject","inLanguage":"fr-FR","@id":"https:\/\/www.montrealfertility.com\/#\/schema\/logo\/image\/","url":"https:\/\/www.montrealfertility.com\/wp-content\/uploads\/2019\/12\/montreal-fertility-center.png","contentUrl":"https:\/\/www.montrealfertility.com\/wp-content\/uploads\/2019\/12\/montreal-fertility-center.png","width":192,"height":191,"caption":"The Montreal Fertility Center"},"image":{"@id":"https:\/\/www.montrealfertility.com\/#\/schema\/logo\/image\/"}}]}},"_links":{"self":[{"href":"https:\/\/www.montrealfertility.com\/fr\/wp-json\/wp\/v2\/pages\/323","targetHints":{"allow":["GET"]}}],"collection":[{"href":"https:\/\/www.montrealfertility.com\/fr\/wp-json\/wp\/v2\/pages"}],"about":[{"href":"https:\/\/www.montrealfertility.com\/fr\/wp-json\/wp\/v2\/types\/page"}],"author":[{"embeddable":true,"href":"https:\/\/www.montrealfertility.com\/fr\/wp-json\/wp\/v2\/users\/1"}],"replies":[{"embeddable":true,"href":"https:\/\/www.montrealfertility.com\/fr\/wp-json\/wp\/v2\/comments?post=323"}],"version-history":[{"count":6,"href":"https:\/\/www.montrealfertility.com\/fr\/wp-json\/wp\/v2\/pages\/323\/revisions"}],"predecessor-version":[{"id":631,"href":"https:\/\/www.montrealfertility.com\/fr\/wp-json\/wp\/v2\/pages\/323\/revisions\/631"}],"wp:attachment":[{"href":"https:\/\/www.montrealfertility.com\/fr\/wp-json\/wp\/v2\/media?parent=323"}],"curies":[{"name":"wp","href":"https:\/\/api.w.org\/{rel}","templated":true}]}}