{"id":361,"date":"2019-12-02T18:12:28","date_gmt":"2019-12-02T23:12:28","guid":{"rendered":"https:\/\/www.montrealfertility.com\/becoming-a-patient\/"},"modified":"2024-09-25T12:47:41","modified_gmt":"2024-09-25T16:47:41","slug":"demarche","status":"publish","type":"page","link":"https:\/\/www.montrealfertility.com\/fr\/demarche\/","title":{"rendered":"D\u00e9marche"},"content":{"rendered":"<div id=\"cs-content\" class=\"cs-content\"><\/div>\n","protected":false},"excerpt":{"rendered":"<p>D&eacute;marche Le Premier Rendez-Vous Comme il s\u2019agit d\u2019un premier rendez-vous et que l\u2019infertilit\u00e9 est un probl\u00e8me qui touche les deux partenaires, nous vous encourageons \u00e0 \u00eatre tous les deux pr\u00e9sents lors de cette premi\u00e8re rencontre. Cette visite pourrait durer de une \u00e0 deux heures. Lors de cette premi\u00e8re visite, nous pourrions vous sugg\u00e9rer de faire un spermogramme, une \u00e9chographie, un &#8230; <a href=\"https:\/\/www.montrealfertility.com\/fr\/demarche\/\" class=\"more-link\">Read More<\/a><\/p>\n","protected":false},"author":1,"featured_media":0,"parent":0,"menu_order":0,"comment_status":"closed","ping_status":"closed","template":"template-blank-4.php","meta":{"footnotes":""},"class_list":["post-361","page","type-page","status-publish","hentry","no-post-thumbnail"],"yoast_head":"<!-- This site is optimized with the Yoast SEO plugin v22.7 - https:\/\/yoast.com\/wordpress\/plugins\/seo\/ -->\n<title>D\u00e9marche | Le Centre de Fertilit\u00e9 de Montr\u00e9al<\/title>\n<meta name=\"robots\" content=\"index, follow, max-snippet:-1, max-image-preview:large, max-video-preview:-1\" \/>\n<link rel=\"canonical\" href=\"https:\/\/www.montrealfertility.com\/fr\/demarche\/\" \/>\n<meta property=\"og:locale\" content=\"fr_FR\" \/>\n<meta property=\"og:type\" content=\"article\" \/>\n<meta property=\"og:title\" content=\"D\u00e9marche | Le Centre de Fertilit\u00e9 de Montr\u00e9al\" \/>\n<meta property=\"og:description\" content=\"D&eacute;marche Le Premier Rendez-Vous Comme il s\u2019agit d\u2019un premier rendez-vous et que l\u2019infertilit\u00e9 est un probl\u00e8me qui touche les deux partenaires, nous vous encourageons \u00e0 \u00eatre tous les deux pr\u00e9sents lors de cette premi\u00e8re rencontre. Cette visite pourrait durer de une \u00e0 deux heures. Lors de cette premi\u00e8re visite, nous pourrions vous sugg\u00e9rer de faire un spermogramme, une \u00e9chographie, un ... Read More\" \/>\n<meta property=\"og:url\" content=\"https:\/\/www.montrealfertility.com\/fr\/demarche\/\" \/>\n<meta property=\"og:site_name\" content=\"Montreal Fertility Center\" \/>\n<meta property=\"article:modified_time\" content=\"2024-09-25T16:47:41+00:00\" \/>\n<meta name=\"twitter:card\" content=\"summary_large_image\" \/>\n<meta name=\"twitter:label1\" content=\"Dur\u00e9e de lecture estim\u00e9e\" \/>\n\t<meta name=\"twitter:data1\" content=\"2 minutes\" \/>\n<script type=\"application\/ld+json\" class=\"yoast-schema-graph\">{\"@context\":\"https:\/\/schema.org\",\"@graph\":[{\"@type\":\"WebPage\",\"@id\":\"https:\/\/www.montrealfertility.com\/fr\/demarche\/\",\"url\":\"https:\/\/www.montrealfertility.com\/fr\/demarche\/\",\"name\":\"D\u00e9marche | Le Centre de Fertilit\u00e9 de Montr\u00e9al\",\"isPartOf\":{\"@id\":\"https:\/\/www.montrealfertility.com\/#website\"},\"datePublished\":\"2019-12-02T23:12:28+00:00\",\"dateModified\":\"2024-09-25T16:47:41+00:00\",\"breadcrumb\":{\"@id\":\"https:\/\/www.montrealfertility.com\/fr\/demarche\/#breadcrumb\"},\"inLanguage\":\"fr-FR\",\"potentialAction\":[{\"@type\":\"ReadAction\",\"target\":[\"https:\/\/www.montrealfertility.com\/fr\/demarche\/\"]}]},{\"@type\":\"BreadcrumbList\",\"@id\":\"https:\/\/www.montrealfertility.com\/fr\/demarche\/#breadcrumb\",\"itemListElement\":[{\"@type\":\"ListItem\",\"position\":1,\"name\":\"Home\",\"item\":\"https:\/\/www.montrealfertility.com\/fr\/\"},{\"@type\":\"ListItem\",\"position\":2,\"name\":\"D\u00e9marche\"}]},{\"@type\":\"WebSite\",\"@id\":\"https:\/\/www.montrealfertility.com\/#website\",\"url\":\"https:\/\/www.montrealfertility.com\/\",\"name\":\"Montreal Fertility Center\",\"description\":\"Fertility Clinic in Montreal, QC, Canada.\",\"publisher\":{\"@id\":\"https:\/\/www.montrealfertility.com\/#organization\"},\"potentialAction\":[{\"@type\":\"SearchAction\",\"target\":{\"@type\":\"EntryPoint\",\"urlTemplate\":\"https:\/\/www.montrealfertility.com\/?s={search_term_string}\"},\"query-input\":\"required name=search_term_string\"}],\"inLanguage\":\"fr-FR\"},{\"@type\":\"Organization\",\"@id\":\"https:\/\/www.montrealfertility.com\/#organization\",\"name\":\"The Montreal Fertility Center\",\"url\":\"https:\/\/www.montrealfertility.com\/\",\"logo\":{\"@type\":\"ImageObject\",\"inLanguage\":\"fr-FR\",\"@id\":\"https:\/\/www.montrealfertility.com\/#\/schema\/logo\/image\/\",\"url\":\"https:\/\/www.montrealfertility.com\/wp-content\/uploads\/2019\/12\/montreal-fertility-center.png\",\"contentUrl\":\"https:\/\/www.montrealfertility.com\/wp-content\/uploads\/2019\/12\/montreal-fertility-center.png\",\"width\":192,\"height\":191,\"caption\":\"The Montreal Fertility Center\"},\"image\":{\"@id\":\"https:\/\/www.montrealfertility.com\/#\/schema\/logo\/image\/\"}}]}<\/script>\n<!-- \/ Yoast SEO plugin. -->","yoast_head_json":{"title":"D\u00e9marche | Le Centre de Fertilit\u00e9 de Montr\u00e9al","robots":{"index":"index","follow":"follow","max-snippet":"max-snippet:-1","max-image-preview":"max-image-preview:large","max-video-preview":"max-video-preview:-1"},"canonical":"https:\/\/www.montrealfertility.com\/fr\/demarche\/","og_locale":"fr_FR","og_type":"article","og_title":"D\u00e9marche | Le Centre de Fertilit\u00e9 de Montr\u00e9al","og_description":"D&eacute;marche Le Premier Rendez-Vous Comme il s\u2019agit d\u2019un premier rendez-vous et que l\u2019infertilit\u00e9 est un probl\u00e8me qui touche les deux partenaires, nous vous encourageons \u00e0 \u00eatre tous les deux pr\u00e9sents lors de cette premi\u00e8re rencontre. Cette visite pourrait durer de une \u00e0 deux heures. Lors de cette premi\u00e8re visite, nous pourrions vous sugg\u00e9rer de faire un spermogramme, une \u00e9chographie, un ... Read More","og_url":"https:\/\/www.montrealfertility.com\/fr\/demarche\/","og_site_name":"Montreal Fertility Center","article_modified_time":"2024-09-25T16:47:41+00:00","twitter_card":"summary_large_image","twitter_misc":{"Dur\u00e9e de lecture estim\u00e9e":"2 minutes"},"schema":{"@context":"https:\/\/schema.org","@graph":[{"@type":"WebPage","@id":"https:\/\/www.montrealfertility.com\/fr\/demarche\/","url":"https:\/\/www.montrealfertility.com\/fr\/demarche\/","name":"D\u00e9marche | Le Centre de Fertilit\u00e9 de Montr\u00e9al","isPartOf":{"@id":"https:\/\/www.montrealfertility.com\/#website"},"datePublished":"2019-12-02T23:12:28+00:00","dateModified":"2024-09-25T16:47:41+00:00","breadcrumb":{"@id":"https:\/\/www.montrealfertility.com\/fr\/demarche\/#breadcrumb"},"inLanguage":"fr-FR","potentialAction":[{"@type":"ReadAction","target":["https:\/\/www.montrealfertility.com\/fr\/demarche\/"]}]},{"@type":"BreadcrumbList","@id":"https:\/\/www.montrealfertility.com\/fr\/demarche\/#breadcrumb","itemListElement":[{"@type":"ListItem","position":1,"name":"Home","item":"https:\/\/www.montrealfertility.com\/fr\/"},{"@type":"ListItem","position":2,"name":"D\u00e9marche"}]},{"@type":"WebSite","@id":"https:\/\/www.montrealfertility.com\/#website","url":"https:\/\/www.montrealfertility.com\/","name":"Montreal Fertility Center","description":"Fertility Clinic in Montreal, QC, Canada.","publisher":{"@id":"https:\/\/www.montrealfertility.com\/#organization"},"potentialAction":[{"@type":"SearchAction","target":{"@type":"EntryPoint","urlTemplate":"https:\/\/www.montrealfertility.com\/?s={search_term_string}"},"query-input":"required name=search_term_string"}],"inLanguage":"fr-FR"},{"@type":"Organization","@id":"https:\/\/www.montrealfertility.com\/#organization","name":"The Montreal Fertility Center","url":"https:\/\/www.montrealfertility.com\/","logo":{"@type":"ImageObject","inLanguage":"fr-FR","@id":"https:\/\/www.montrealfertility.com\/#\/schema\/logo\/image\/","url":"https:\/\/www.montrealfertility.com\/wp-content\/uploads\/2019\/12\/montreal-fertility-center.png","contentUrl":"https:\/\/www.montrealfertility.com\/wp-content\/uploads\/2019\/12\/montreal-fertility-center.png","width":192,"height":191,"caption":"The Montreal Fertility Center"},"image":{"@id":"https:\/\/www.montrealfertility.com\/#\/schema\/logo\/image\/"}}]}},"_links":{"self":[{"href":"https:\/\/www.montrealfertility.com\/fr\/wp-json\/wp\/v2\/pages\/361","targetHints":{"allow":["GET"]}}],"collection":[{"href":"https:\/\/www.montrealfertility.com\/fr\/wp-json\/wp\/v2\/pages"}],"about":[{"href":"https:\/\/www.montrealfertility.com\/fr\/wp-json\/wp\/v2\/types\/page"}],"author":[{"embeddable":true,"href":"https:\/\/www.montrealfertility.com\/fr\/wp-json\/wp\/v2\/users\/1"}],"replies":[{"embeddable":true,"href":"https:\/\/www.montrealfertility.com\/fr\/wp-json\/wp\/v2\/comments?post=361"}],"version-history":[{"count":4,"href":"https:\/\/www.montrealfertility.com\/fr\/wp-json\/wp\/v2\/pages\/361\/revisions"}],"predecessor-version":[{"id":791,"href":"https:\/\/www.montrealfertility.com\/fr\/wp-json\/wp\/v2\/pages\/361\/revisions\/791"}],"wp:attachment":[{"href":"https:\/\/www.montrealfertility.com\/fr\/wp-json\/wp\/v2\/media?parent=361"}],"curies":[{"name":"wp","href":"https:\/\/api.w.org\/{rel}","templated":true}]}}