{"id":391,"date":"2019-12-04T12:22:49","date_gmt":"2019-12-04T17:22:49","guid":{"rendered":"https:\/\/www.montrealfertility.com\/service-fertilite\/infertility-investigations\/"},"modified":"2021-10-30T14:59:22","modified_gmt":"2021-10-30T18:59:22","slug":"investigations","status":"publish","type":"page","link":"https:\/\/www.montrealfertility.com\/fr\/service-fertilite\/investigations\/","title":{"rendered":"Investigation d\u2019infertilit\u00e9"},"content":{"rendered":"<div id=\"cs-content\" class=\"cs-content\"><\/div>\n","protected":false},"excerpt":{"rendered":"<p>Investigations d&rsquo;Infertilit&eacute; Plusieurs raisons peuvent contribuer &agrave; votre difficult&eacute; &agrave; concevoir.Investigations Nous d&eacute;crivons ici les tests d&rsquo;infertilit&eacute; que nous pouvons utiliser pour diagnostiquer le probl&egrave;me: Spermogramme 30% &agrave; 40% de l&rsquo;infertilit&eacute; est d&rsquo;origine masculine. Au cours des derni&egrave;res ann&eacute;es, il y a eu plusieurs perc&eacute;es majeures dans la fa&ccedil;on dont on analyse le sperme. Nous utilisons un analyseur haut de &#8230; <a href=\"https:\/\/www.montrealfertility.com\/fr\/service-fertilite\/investigations\/\" class=\"more-link\">Read More<\/a><\/p>\n","protected":false},"author":1,"featured_media":0,"parent":378,"menu_order":0,"comment_status":"closed","ping_status":"closed","template":"template-blank-4.php","meta":{"footnotes":""},"class_list":["post-391","page","type-page","status-publish","hentry","no-post-thumbnail"],"yoast_head":"<!-- This site is optimized with the Yoast SEO plugin v22.7 - https:\/\/yoast.com\/wordpress\/plugins\/seo\/ -->\n<title>Investigation d\u2019Infertilit\u00e9 | Le Centre de Fertilit\u00e9 de Montr\u00e9al<\/title>\n<meta name=\"robots\" content=\"index, follow, max-snippet:-1, max-image-preview:large, max-video-preview:-1\" \/>\n<link rel=\"canonical\" href=\"https:\/\/www.montrealfertility.com\/fr\/service-fertilite\/investigations\/\" \/>\n<meta property=\"og:locale\" content=\"fr_FR\" \/>\n<meta property=\"og:type\" content=\"article\" \/>\n<meta property=\"og:title\" content=\"Investigation d\u2019Infertilit\u00e9 | Le Centre de Fertilit\u00e9 de Montr\u00e9al\" \/>\n<meta property=\"og:description\" content=\"Investigations d&rsquo;Infertilit&eacute; Plusieurs raisons peuvent contribuer &agrave; votre difficult&eacute; &agrave; concevoir.Investigations Nous d&eacute;crivons ici les tests d&#039;infertilit&eacute; que nous pouvons utiliser pour diagnostiquer le probl&egrave;me: Spermogramme 30% &agrave; 40% de l&rsquo;infertilit&eacute; est d&rsquo;origine masculine. Au cours des derni&egrave;res ann&eacute;es, il y a eu plusieurs perc&eacute;es majeures dans la fa&ccedil;on dont on analyse le sperme. Nous utilisons un analyseur haut de ... Read More\" \/>\n<meta property=\"og:url\" content=\"https:\/\/www.montrealfertility.com\/fr\/service-fertilite\/investigations\/\" \/>\n<meta property=\"og:site_name\" content=\"Montreal Fertility Center\" \/>\n<meta property=\"article:modified_time\" content=\"2021-10-30T18:59:22+00:00\" \/>\n<meta property=\"og:image\" content=\"https:\/\/www.montrealfertility.com\/wp-content\/uploads\/2019\/05\/Semen-analysisn_fertility_Montreal.jpg\" \/>\n<meta name=\"twitter:card\" content=\"summary_large_image\" \/>\n<meta name=\"twitter:label1\" content=\"Dur\u00e9e de lecture estim\u00e9e\" \/>\n\t<meta name=\"twitter:data1\" content=\"7 minutes\" \/>\n<script type=\"application\/ld+json\" class=\"yoast-schema-graph\">{\"@context\":\"https:\/\/schema.org\",\"@graph\":[{\"@type\":\"WebPage\",\"@id\":\"https:\/\/www.montrealfertility.com\/fr\/service-fertilite\/investigations\/\",\"url\":\"https:\/\/www.montrealfertility.com\/fr\/service-fertilite\/investigations\/\",\"name\":\"Investigation d\u2019Infertilit\u00e9 | Le Centre de Fertilit\u00e9 de Montr\u00e9al\",\"isPartOf\":{\"@id\":\"https:\/\/www.montrealfertility.com\/#website\"},\"primaryImageOfPage\":{\"@id\":\"https:\/\/www.montrealfertility.com\/fr\/service-fertilite\/investigations\/#primaryimage\"},\"image\":{\"@id\":\"https:\/\/www.montrealfertility.com\/fr\/service-fertilite\/investigations\/#primaryimage\"},\"thumbnailUrl\":\"https:\/\/www.montrealfertility.com\/wp-content\/uploads\/2019\/05\/Semen-analysisn_fertility_Montreal.jpg\",\"datePublished\":\"2019-12-04T17:22:49+00:00\",\"dateModified\":\"2021-10-30T18:59:22+00:00\",\"breadcrumb\":{\"@id\":\"https:\/\/www.montrealfertility.com\/fr\/service-fertilite\/investigations\/#breadcrumb\"},\"inLanguage\":\"fr-FR\",\"potentialAction\":[{\"@type\":\"ReadAction\",\"target\":[\"https:\/\/www.montrealfertility.com\/fr\/service-fertilite\/investigations\/\"]}]},{\"@type\":\"ImageObject\",\"inLanguage\":\"fr-FR\",\"@id\":\"https:\/\/www.montrealfertility.com\/fr\/service-fertilite\/investigations\/#primaryimage\",\"url\":\"https:\/\/www.montrealfertility.com\/wp-content\/uploads\/2019\/05\/Semen-analysisn_fertility_Montreal.jpg\",\"contentUrl\":\"https:\/\/www.montrealfertility.com\/wp-content\/uploads\/2019\/05\/Semen-analysisn_fertility_Montreal.jpg\"},{\"@type\":\"BreadcrumbList\",\"@id\":\"https:\/\/www.montrealfertility.com\/fr\/service-fertilite\/investigations\/#breadcrumb\",\"itemListElement\":[{\"@type\":\"ListItem\",\"position\":1,\"name\":\"Home\",\"item\":\"https:\/\/www.montrealfertility.com\/fr\/\"},{\"@type\":\"ListItem\",\"position\":2,\"name\":\"Services de fertilit\u00e9\",\"item\":\"https:\/\/www.montrealfertility.com\/fr\/service-fertilite\/\"},{\"@type\":\"ListItem\",\"position\":3,\"name\":\"Investigation d\u2019infertilit\u00e9\"}]},{\"@type\":\"WebSite\",\"@id\":\"https:\/\/www.montrealfertility.com\/#website\",\"url\":\"https:\/\/www.montrealfertility.com\/\",\"name\":\"Montreal Fertility Center\",\"description\":\"Fertility Clinic in Montreal, QC, Canada.\",\"publisher\":{\"@id\":\"https:\/\/www.montrealfertility.com\/#organization\"},\"potentialAction\":[{\"@type\":\"SearchAction\",\"target\":{\"@type\":\"EntryPoint\",\"urlTemplate\":\"https:\/\/www.montrealfertility.com\/?s={search_term_string}\"},\"query-input\":\"required name=search_term_string\"}],\"inLanguage\":\"fr-FR\"},{\"@type\":\"Organization\",\"@id\":\"https:\/\/www.montrealfertility.com\/#organization\",\"name\":\"The Montreal Fertility Center\",\"url\":\"https:\/\/www.montrealfertility.com\/\",\"logo\":{\"@type\":\"ImageObject\",\"inLanguage\":\"fr-FR\",\"@id\":\"https:\/\/www.montrealfertility.com\/#\/schema\/logo\/image\/\",\"url\":\"https:\/\/www.montrealfertility.com\/wp-content\/uploads\/2019\/12\/montreal-fertility-center.png\",\"contentUrl\":\"https:\/\/www.montrealfertility.com\/wp-content\/uploads\/2019\/12\/montreal-fertility-center.png\",\"width\":192,\"height\":191,\"caption\":\"The Montreal Fertility Center\"},\"image\":{\"@id\":\"https:\/\/www.montrealfertility.com\/#\/schema\/logo\/image\/\"}}]}<\/script>\n<!-- \/ Yoast SEO plugin. -->","yoast_head_json":{"title":"Investigation d\u2019Infertilit\u00e9 | Le Centre de Fertilit\u00e9 de Montr\u00e9al","robots":{"index":"index","follow":"follow","max-snippet":"max-snippet:-1","max-image-preview":"max-image-preview:large","max-video-preview":"max-video-preview:-1"},"canonical":"https:\/\/www.montrealfertility.com\/fr\/service-fertilite\/investigations\/","og_locale":"fr_FR","og_type":"article","og_title":"Investigation d\u2019Infertilit\u00e9 | Le Centre de Fertilit\u00e9 de Montr\u00e9al","og_description":"Investigations d&rsquo;Infertilit&eacute; Plusieurs raisons peuvent contribuer &agrave; votre difficult&eacute; &agrave; concevoir.Investigations Nous d&eacute;crivons ici les tests d'infertilit&eacute; que nous pouvons utiliser pour diagnostiquer le probl&egrave;me: Spermogramme 30% &agrave; 40% de l&rsquo;infertilit&eacute; est d&rsquo;origine masculine. Au cours des derni&egrave;res ann&eacute;es, il y a eu plusieurs perc&eacute;es majeures dans la fa&ccedil;on dont on analyse le sperme. Nous utilisons un analyseur haut de ... Read More","og_url":"https:\/\/www.montrealfertility.com\/fr\/service-fertilite\/investigations\/","og_site_name":"Montreal Fertility Center","article_modified_time":"2021-10-30T18:59:22+00:00","og_image":[{"url":"https:\/\/www.montrealfertility.com\/wp-content\/uploads\/2019\/05\/Semen-analysisn_fertility_Montreal.jpg"}],"twitter_card":"summary_large_image","twitter_misc":{"Dur\u00e9e de lecture estim\u00e9e":"7 minutes"},"schema":{"@context":"https:\/\/schema.org","@graph":[{"@type":"WebPage","@id":"https:\/\/www.montrealfertility.com\/fr\/service-fertilite\/investigations\/","url":"https:\/\/www.montrealfertility.com\/fr\/service-fertilite\/investigations\/","name":"Investigation d\u2019Infertilit\u00e9 | Le Centre de Fertilit\u00e9 de Montr\u00e9al","isPartOf":{"@id":"https:\/\/www.montrealfertility.com\/#website"},"primaryImageOfPage":{"@id":"https:\/\/www.montrealfertility.com\/fr\/service-fertilite\/investigations\/#primaryimage"},"image":{"@id":"https:\/\/www.montrealfertility.com\/fr\/service-fertilite\/investigations\/#primaryimage"},"thumbnailUrl":"https:\/\/www.montrealfertility.com\/wp-content\/uploads\/2019\/05\/Semen-analysisn_fertility_Montreal.jpg","datePublished":"2019-12-04T17:22:49+00:00","dateModified":"2021-10-30T18:59:22+00:00","breadcrumb":{"@id":"https:\/\/www.montrealfertility.com\/fr\/service-fertilite\/investigations\/#breadcrumb"},"inLanguage":"fr-FR","potentialAction":[{"@type":"ReadAction","target":["https:\/\/www.montrealfertility.com\/fr\/service-fertilite\/investigations\/"]}]},{"@type":"ImageObject","inLanguage":"fr-FR","@id":"https:\/\/www.montrealfertility.com\/fr\/service-fertilite\/investigations\/#primaryimage","url":"https:\/\/www.montrealfertility.com\/wp-content\/uploads\/2019\/05\/Semen-analysisn_fertility_Montreal.jpg","contentUrl":"https:\/\/www.montrealfertility.com\/wp-content\/uploads\/2019\/05\/Semen-analysisn_fertility_Montreal.jpg"},{"@type":"BreadcrumbList","@id":"https:\/\/www.montrealfertility.com\/fr\/service-fertilite\/investigations\/#breadcrumb","itemListElement":[{"@type":"ListItem","position":1,"name":"Home","item":"https:\/\/www.montrealfertility.com\/fr\/"},{"@type":"ListItem","position":2,"name":"Services de fertilit\u00e9","item":"https:\/\/www.montrealfertility.com\/fr\/service-fertilite\/"},{"@type":"ListItem","position":3,"name":"Investigation d\u2019infertilit\u00e9"}]},{"@type":"WebSite","@id":"https:\/\/www.montrealfertility.com\/#website","url":"https:\/\/www.montrealfertility.com\/","name":"Montreal Fertility Center","description":"Fertility Clinic in Montreal, QC, Canada.","publisher":{"@id":"https:\/\/www.montrealfertility.com\/#organization"},"potentialAction":[{"@type":"SearchAction","target":{"@type":"EntryPoint","urlTemplate":"https:\/\/www.montrealfertility.com\/?s={search_term_string}"},"query-input":"required name=search_term_string"}],"inLanguage":"fr-FR"},{"@type":"Organization","@id":"https:\/\/www.montrealfertility.com\/#organization","name":"The Montreal Fertility Center","url":"https:\/\/www.montrealfertility.com\/","logo":{"@type":"ImageObject","inLanguage":"fr-FR","@id":"https:\/\/www.montrealfertility.com\/#\/schema\/logo\/image\/","url":"https:\/\/www.montrealfertility.com\/wp-content\/uploads\/2019\/12\/montreal-fertility-center.png","contentUrl":"https:\/\/www.montrealfertility.com\/wp-content\/uploads\/2019\/12\/montreal-fertility-center.png","width":192,"height":191,"caption":"The Montreal Fertility Center"},"image":{"@id":"https:\/\/www.montrealfertility.com\/#\/schema\/logo\/image\/"}}]}},"_links":{"self":[{"href":"https:\/\/www.montrealfertility.com\/fr\/wp-json\/wp\/v2\/pages\/391","targetHints":{"allow":["GET"]}}],"collection":[{"href":"https:\/\/www.montrealfertility.com\/fr\/wp-json\/wp\/v2\/pages"}],"about":[{"href":"https:\/\/www.montrealfertility.com\/fr\/wp-json\/wp\/v2\/types\/page"}],"author":[{"embeddable":true,"href":"https:\/\/www.montrealfertility.com\/fr\/wp-json\/wp\/v2\/users\/1"}],"replies":[{"embeddable":true,"href":"https:\/\/www.montrealfertility.com\/fr\/wp-json\/wp\/v2\/comments?post=391"}],"version-history":[{"count":6,"href":"https:\/\/www.montrealfertility.com\/fr\/wp-json\/wp\/v2\/pages\/391\/revisions"}],"predecessor-version":[{"id":734,"href":"https:\/\/www.montrealfertility.com\/fr\/wp-json\/wp\/v2\/pages\/391\/revisions\/734"}],"up":[{"embeddable":true,"href":"https:\/\/www.montrealfertility.com\/fr\/wp-json\/wp\/v2\/pages\/378"}],"wp:attachment":[{"href":"https:\/\/www.montrealfertility.com\/fr\/wp-json\/wp\/v2\/media?parent=391"}],"curies":[{"name":"wp","href":"https:\/\/api.w.org\/{rel}","templated":true}]}}