{"id":433,"date":"2019-12-04T13:48:36","date_gmt":"2019-12-04T18:48:36","guid":{"rendered":"https:\/\/www.montrealfertility.com\/service-fertilite\/donor-insemination-di\/"},"modified":"2020-02-10T17:52:55","modified_gmt":"2020-02-10T22:52:55","slug":"insemination-par-donneur","status":"publish","type":"page","link":"https:\/\/www.montrealfertility.com\/fr\/service-fertilite\/insemination-par-donneur\/","title":{"rendered":"Ins\u00e9mination par donneur"},"content":{"rendered":"<div id=\"cs-content\" class=\"cs-content\"><\/div>\n","protected":false},"excerpt":{"rendered":"<p>L&rsquo;Ins&eacute;mination avec Sperme de Donneur L&rsquo;ins&eacute;mination avec sperme de donneur est une option th&eacute;rapeutique pour les couples lorsqu&rsquo;il y a absence de spermatozo&iuml;des (azoospermie) dans l&rsquo;&eacute;jaculat et qu&rsquo;on n&rsquo;a trouv&eacute; aucun spermatozo&iuml;de lors d&rsquo;une biopsie testiculaire. Il s&rsquo;agit aussi d&rsquo;une alternative aux techniques de pointe que sont la FIV, l&rsquo;ICSI, la TESA et la PESA. L&rsquo;ins&eacute;mination avec sperme de donneur &#8230; <a href=\"https:\/\/www.montrealfertility.com\/fr\/service-fertilite\/insemination-par-donneur\/\" class=\"more-link\">Read More<\/a><\/p>\n","protected":false},"author":1,"featured_media":0,"parent":378,"menu_order":0,"comment_status":"closed","ping_status":"closed","template":"template-blank-4.php","meta":{"footnotes":""},"class_list":["post-433","page","type-page","status-publish","hentry","no-post-thumbnail"],"yoast_head":"<!-- This site is optimized with the Yoast SEO plugin v22.7 - https:\/\/yoast.com\/wordpress\/plugins\/seo\/ -->\n<title>Ins\u00e9mination par donneur | Le Centre de Fertilit\u00e9 de Montr\u00e9al<\/title>\n<meta name=\"robots\" content=\"index, follow, max-snippet:-1, max-image-preview:large, max-video-preview:-1\" \/>\n<link rel=\"canonical\" href=\"https:\/\/www.montrealfertility.com\/fr\/service-fertilite\/insemination-par-donneur\/\" \/>\n<meta property=\"og:locale\" content=\"fr_FR\" \/>\n<meta property=\"og:type\" content=\"article\" \/>\n<meta property=\"og:title\" content=\"Ins\u00e9mination par donneur | Le Centre de Fertilit\u00e9 de Montr\u00e9al\" \/>\n<meta property=\"og:description\" content=\"L&rsquo;Ins&eacute;mination avec Sperme de Donneur L&rsquo;ins&eacute;mination avec sperme de donneur est une option th&eacute;rapeutique pour les couples lorsqu&rsquo;il y a absence de spermatozo&iuml;des (azoospermie) dans l&rsquo;&eacute;jaculat et qu&rsquo;on n&rsquo;a trouv&eacute; aucun spermatozo&iuml;de lors d&rsquo;une biopsie testiculaire. Il s&rsquo;agit aussi d&rsquo;une alternative aux techniques de pointe que sont la FIV, l&rsquo;ICSI, la TESA et la PESA. L&rsquo;ins&eacute;mination avec sperme de donneur ... Read More\" \/>\n<meta property=\"og:url\" content=\"https:\/\/www.montrealfertility.com\/fr\/service-fertilite\/insemination-par-donneur\/\" \/>\n<meta property=\"og:site_name\" content=\"Montreal Fertility Center\" \/>\n<meta property=\"article:modified_time\" content=\"2020-02-10T22:52:55+00:00\" \/>\n<meta name=\"twitter:card\" content=\"summary_large_image\" \/>\n<script type=\"application\/ld+json\" class=\"yoast-schema-graph\">{\"@context\":\"https:\/\/schema.org\",\"@graph\":[{\"@type\":\"WebPage\",\"@id\":\"https:\/\/www.montrealfertility.com\/fr\/service-fertilite\/insemination-par-donneur\/\",\"url\":\"https:\/\/www.montrealfertility.com\/fr\/service-fertilite\/insemination-par-donneur\/\",\"name\":\"Ins\u00e9mination par donneur | Le Centre de Fertilit\u00e9 de Montr\u00e9al\",\"isPartOf\":{\"@id\":\"https:\/\/www.montrealfertility.com\/#website\"},\"datePublished\":\"2019-12-04T18:48:36+00:00\",\"dateModified\":\"2020-02-10T22:52:55+00:00\",\"breadcrumb\":{\"@id\":\"https:\/\/www.montrealfertility.com\/fr\/service-fertilite\/insemination-par-donneur\/#breadcrumb\"},\"inLanguage\":\"fr-FR\",\"potentialAction\":[{\"@type\":\"ReadAction\",\"target\":[\"https:\/\/www.montrealfertility.com\/fr\/service-fertilite\/insemination-par-donneur\/\"]}]},{\"@type\":\"BreadcrumbList\",\"@id\":\"https:\/\/www.montrealfertility.com\/fr\/service-fertilite\/insemination-par-donneur\/#breadcrumb\",\"itemListElement\":[{\"@type\":\"ListItem\",\"position\":1,\"name\":\"Home\",\"item\":\"https:\/\/www.montrealfertility.com\/fr\/\"},{\"@type\":\"ListItem\",\"position\":2,\"name\":\"Services de fertilit\u00e9\",\"item\":\"https:\/\/www.montrealfertility.com\/fr\/service-fertilite\/\"},{\"@type\":\"ListItem\",\"position\":3,\"name\":\"Ins\u00e9mination par donneur\"}]},{\"@type\":\"WebSite\",\"@id\":\"https:\/\/www.montrealfertility.com\/#website\",\"url\":\"https:\/\/www.montrealfertility.com\/\",\"name\":\"Montreal Fertility Center\",\"description\":\"Fertility Clinic in Montreal, QC, Canada.\",\"publisher\":{\"@id\":\"https:\/\/www.montrealfertility.com\/#organization\"},\"potentialAction\":[{\"@type\":\"SearchAction\",\"target\":{\"@type\":\"EntryPoint\",\"urlTemplate\":\"https:\/\/www.montrealfertility.com\/?s={search_term_string}\"},\"query-input\":\"required name=search_term_string\"}],\"inLanguage\":\"fr-FR\"},{\"@type\":\"Organization\",\"@id\":\"https:\/\/www.montrealfertility.com\/#organization\",\"name\":\"The Montreal Fertility Center\",\"url\":\"https:\/\/www.montrealfertility.com\/\",\"logo\":{\"@type\":\"ImageObject\",\"inLanguage\":\"fr-FR\",\"@id\":\"https:\/\/www.montrealfertility.com\/#\/schema\/logo\/image\/\",\"url\":\"https:\/\/www.montrealfertility.com\/wp-content\/uploads\/2019\/12\/montreal-fertility-center.png\",\"contentUrl\":\"https:\/\/www.montrealfertility.com\/wp-content\/uploads\/2019\/12\/montreal-fertility-center.png\",\"width\":192,\"height\":191,\"caption\":\"The Montreal Fertility Center\"},\"image\":{\"@id\":\"https:\/\/www.montrealfertility.com\/#\/schema\/logo\/image\/\"}}]}<\/script>\n<!-- \/ Yoast SEO plugin. -->","yoast_head_json":{"title":"Ins\u00e9mination par donneur | Le Centre de Fertilit\u00e9 de Montr\u00e9al","robots":{"index":"index","follow":"follow","max-snippet":"max-snippet:-1","max-image-preview":"max-image-preview:large","max-video-preview":"max-video-preview:-1"},"canonical":"https:\/\/www.montrealfertility.com\/fr\/service-fertilite\/insemination-par-donneur\/","og_locale":"fr_FR","og_type":"article","og_title":"Ins\u00e9mination par donneur | Le Centre de Fertilit\u00e9 de Montr\u00e9al","og_description":"L&rsquo;Ins&eacute;mination avec Sperme de Donneur L&rsquo;ins&eacute;mination avec sperme de donneur est une option th&eacute;rapeutique pour les couples lorsqu&rsquo;il y a absence de spermatozo&iuml;des (azoospermie) dans l&rsquo;&eacute;jaculat et qu&rsquo;on n&rsquo;a trouv&eacute; aucun spermatozo&iuml;de lors d&rsquo;une biopsie testiculaire. Il s&rsquo;agit aussi d&rsquo;une alternative aux techniques de pointe que sont la FIV, l&rsquo;ICSI, la TESA et la PESA. L&rsquo;ins&eacute;mination avec sperme de donneur ... Read More","og_url":"https:\/\/www.montrealfertility.com\/fr\/service-fertilite\/insemination-par-donneur\/","og_site_name":"Montreal Fertility Center","article_modified_time":"2020-02-10T22:52:55+00:00","twitter_card":"summary_large_image","schema":{"@context":"https:\/\/schema.org","@graph":[{"@type":"WebPage","@id":"https:\/\/www.montrealfertility.com\/fr\/service-fertilite\/insemination-par-donneur\/","url":"https:\/\/www.montrealfertility.com\/fr\/service-fertilite\/insemination-par-donneur\/","name":"Ins\u00e9mination par donneur | Le Centre de Fertilit\u00e9 de Montr\u00e9al","isPartOf":{"@id":"https:\/\/www.montrealfertility.com\/#website"},"datePublished":"2019-12-04T18:48:36+00:00","dateModified":"2020-02-10T22:52:55+00:00","breadcrumb":{"@id":"https:\/\/www.montrealfertility.com\/fr\/service-fertilite\/insemination-par-donneur\/#breadcrumb"},"inLanguage":"fr-FR","potentialAction":[{"@type":"ReadAction","target":["https:\/\/www.montrealfertility.com\/fr\/service-fertilite\/insemination-par-donneur\/"]}]},{"@type":"BreadcrumbList","@id":"https:\/\/www.montrealfertility.com\/fr\/service-fertilite\/insemination-par-donneur\/#breadcrumb","itemListElement":[{"@type":"ListItem","position":1,"name":"Home","item":"https:\/\/www.montrealfertility.com\/fr\/"},{"@type":"ListItem","position":2,"name":"Services de fertilit\u00e9","item":"https:\/\/www.montrealfertility.com\/fr\/service-fertilite\/"},{"@type":"ListItem","position":3,"name":"Ins\u00e9mination par donneur"}]},{"@type":"WebSite","@id":"https:\/\/www.montrealfertility.com\/#website","url":"https:\/\/www.montrealfertility.com\/","name":"Montreal Fertility Center","description":"Fertility Clinic in Montreal, QC, Canada.","publisher":{"@id":"https:\/\/www.montrealfertility.com\/#organization"},"potentialAction":[{"@type":"SearchAction","target":{"@type":"EntryPoint","urlTemplate":"https:\/\/www.montrealfertility.com\/?s={search_term_string}"},"query-input":"required name=search_term_string"}],"inLanguage":"fr-FR"},{"@type":"Organization","@id":"https:\/\/www.montrealfertility.com\/#organization","name":"The Montreal Fertility Center","url":"https:\/\/www.montrealfertility.com\/","logo":{"@type":"ImageObject","inLanguage":"fr-FR","@id":"https:\/\/www.montrealfertility.com\/#\/schema\/logo\/image\/","url":"https:\/\/www.montrealfertility.com\/wp-content\/uploads\/2019\/12\/montreal-fertility-center.png","contentUrl":"https:\/\/www.montrealfertility.com\/wp-content\/uploads\/2019\/12\/montreal-fertility-center.png","width":192,"height":191,"caption":"The Montreal Fertility Center"},"image":{"@id":"https:\/\/www.montrealfertility.com\/#\/schema\/logo\/image\/"}}]}},"_links":{"self":[{"href":"https:\/\/www.montrealfertility.com\/fr\/wp-json\/wp\/v2\/pages\/433","targetHints":{"allow":["GET"]}}],"collection":[{"href":"https:\/\/www.montrealfertility.com\/fr\/wp-json\/wp\/v2\/pages"}],"about":[{"href":"https:\/\/www.montrealfertility.com\/fr\/wp-json\/wp\/v2\/types\/page"}],"author":[{"embeddable":true,"href":"https:\/\/www.montrealfertility.com\/fr\/wp-json\/wp\/v2\/users\/1"}],"replies":[{"embeddable":true,"href":"https:\/\/www.montrealfertility.com\/fr\/wp-json\/wp\/v2\/comments?post=433"}],"version-history":[{"count":3,"href":"https:\/\/www.montrealfertility.com\/fr\/wp-json\/wp\/v2\/pages\/433\/revisions"}],"predecessor-version":[{"id":468,"href":"https:\/\/www.montrealfertility.com\/fr\/wp-json\/wp\/v2\/pages\/433\/revisions\/468"}],"up":[{"embeddable":true,"href":"https:\/\/www.montrealfertility.com\/fr\/wp-json\/wp\/v2\/pages\/378"}],"wp:attachment":[{"href":"https:\/\/www.montrealfertility.com\/fr\/wp-json\/wp\/v2\/media?parent=433"}],"curies":[{"name":"wp","href":"https:\/\/api.w.org\/{rel}","templated":true}]}}