{"id":538,"date":"2019-12-02T16:46:01","date_gmt":"2019-12-02T21:46:01","guid":{"rendered":"https:\/\/www.montrealfertility.com\/careers\/"},"modified":"2020-02-18T16:27:27","modified_gmt":"2020-02-18T21:27:27","slug":"careers","status":"publish","type":"page","link":"https:\/\/www.montrealfertility.com\/fr\/careers\/","title":{"rendered":"Carri\u00e8res"},"content":{"rendered":"<div id=\"cs-content\" class=\"cs-content\"><\/div>\n","protected":false},"excerpt":{"rendered":"<p>Carri&egrave;res Le centre de Fertilit&eacute; de Montr&eacute;al est une clinique priv&eacute;e de fertilit&eacute; qui donne des soins de reproduction assist&eacute;e du plus haut niveau dans un environnement positif.Nous sommes pr&eacute;sentement &agrave; la recherche d&rsquo;individus responsables et enthousiastes int&eacute;ress&eacute;s &agrave; faire carri&egrave;re dans le domaine de la reproduction dans le cadre d&rsquo;une &eacute;quipe dynamique. Nous avons possiblement des postes disponibles dans &#8230; <a href=\"https:\/\/www.montrealfertility.com\/fr\/careers\/\" class=\"more-link\">Read More<\/a><\/p>\n","protected":false},"author":1,"featured_media":0,"parent":0,"menu_order":0,"comment_status":"closed","ping_status":"closed","template":"template-blank-4.php","meta":{"footnotes":""},"class_list":["post-538","page","type-page","status-publish","hentry","no-post-thumbnail"],"yoast_head":"<!-- This site is optimized with the Yoast SEO plugin v22.7 - https:\/\/yoast.com\/wordpress\/plugins\/seo\/ -->\n<title>Carri\u00e8res en Fertilit\u00e9 | Le Centre de Fertilit\u00e9 de Montr\u00e9al<\/title>\n<meta name=\"robots\" content=\"index, follow, max-snippet:-1, max-image-preview:large, max-video-preview:-1\" \/>\n<link rel=\"canonical\" href=\"https:\/\/www.montrealfertility.com\/fr\/careers\/\" \/>\n<meta property=\"og:locale\" content=\"fr_FR\" \/>\n<meta property=\"og:type\" content=\"article\" \/>\n<meta property=\"og:title\" content=\"Carri\u00e8res en Fertilit\u00e9 | Le Centre de Fertilit\u00e9 de Montr\u00e9al\" \/>\n<meta property=\"og:description\" content=\"Carri&egrave;res Le centre de Fertilit&eacute; de Montr&eacute;al est une clinique priv&eacute;e de fertilit&eacute; qui donne des soins de reproduction assist&eacute;e du plus haut niveau dans un environnement positif.Nous sommes pr&eacute;sentement &agrave; la recherche d&rsquo;individus responsables et enthousiastes int&eacute;ress&eacute;s &agrave; faire carri&egrave;re dans le domaine de la reproduction dans le cadre d&rsquo;une &eacute;quipe dynamique. Nous avons possiblement des postes disponibles dans ... Read More\" \/>\n<meta property=\"og:url\" content=\"https:\/\/www.montrealfertility.com\/fr\/careers\/\" \/>\n<meta property=\"og:site_name\" content=\"Montreal Fertility Center\" \/>\n<meta property=\"article:modified_time\" content=\"2020-02-18T21:27:27+00:00\" \/>\n<meta name=\"twitter:card\" content=\"summary_large_image\" \/>\n<script type=\"application\/ld+json\" class=\"yoast-schema-graph\">{\"@context\":\"https:\/\/schema.org\",\"@graph\":[{\"@type\":\"WebPage\",\"@id\":\"https:\/\/www.montrealfertility.com\/fr\/careers\/\",\"url\":\"https:\/\/www.montrealfertility.com\/fr\/careers\/\",\"name\":\"Carri\u00e8res en Fertilit\u00e9 | Le Centre de Fertilit\u00e9 de Montr\u00e9al\",\"isPartOf\":{\"@id\":\"https:\/\/www.montrealfertility.com\/#website\"},\"datePublished\":\"2019-12-02T21:46:01+00:00\",\"dateModified\":\"2020-02-18T21:27:27+00:00\",\"breadcrumb\":{\"@id\":\"https:\/\/www.montrealfertility.com\/fr\/careers\/#breadcrumb\"},\"inLanguage\":\"fr-FR\",\"potentialAction\":[{\"@type\":\"ReadAction\",\"target\":[\"https:\/\/www.montrealfertility.com\/fr\/careers\/\"]}]},{\"@type\":\"BreadcrumbList\",\"@id\":\"https:\/\/www.montrealfertility.com\/fr\/careers\/#breadcrumb\",\"itemListElement\":[{\"@type\":\"ListItem\",\"position\":1,\"name\":\"Home\",\"item\":\"https:\/\/www.montrealfertility.com\/fr\/\"},{\"@type\":\"ListItem\",\"position\":2,\"name\":\"Carri\u00e8res\"}]},{\"@type\":\"WebSite\",\"@id\":\"https:\/\/www.montrealfertility.com\/#website\",\"url\":\"https:\/\/www.montrealfertility.com\/\",\"name\":\"Montreal Fertility Center\",\"description\":\"Fertility Clinic in Montreal, QC, Canada.\",\"publisher\":{\"@id\":\"https:\/\/www.montrealfertility.com\/#organization\"},\"potentialAction\":[{\"@type\":\"SearchAction\",\"target\":{\"@type\":\"EntryPoint\",\"urlTemplate\":\"https:\/\/www.montrealfertility.com\/?s={search_term_string}\"},\"query-input\":\"required name=search_term_string\"}],\"inLanguage\":\"fr-FR\"},{\"@type\":\"Organization\",\"@id\":\"https:\/\/www.montrealfertility.com\/#organization\",\"name\":\"The Montreal Fertility Center\",\"url\":\"https:\/\/www.montrealfertility.com\/\",\"logo\":{\"@type\":\"ImageObject\",\"inLanguage\":\"fr-FR\",\"@id\":\"https:\/\/www.montrealfertility.com\/#\/schema\/logo\/image\/\",\"url\":\"https:\/\/www.montrealfertility.com\/wp-content\/uploads\/2019\/12\/montreal-fertility-center.png\",\"contentUrl\":\"https:\/\/www.montrealfertility.com\/wp-content\/uploads\/2019\/12\/montreal-fertility-center.png\",\"width\":192,\"height\":191,\"caption\":\"The Montreal Fertility Center\"},\"image\":{\"@id\":\"https:\/\/www.montrealfertility.com\/#\/schema\/logo\/image\/\"}}]}<\/script>\n<!-- \/ Yoast SEO plugin. -->","yoast_head_json":{"title":"Carri\u00e8res en Fertilit\u00e9 | Le Centre de Fertilit\u00e9 de Montr\u00e9al","robots":{"index":"index","follow":"follow","max-snippet":"max-snippet:-1","max-image-preview":"max-image-preview:large","max-video-preview":"max-video-preview:-1"},"canonical":"https:\/\/www.montrealfertility.com\/fr\/careers\/","og_locale":"fr_FR","og_type":"article","og_title":"Carri\u00e8res en Fertilit\u00e9 | Le Centre de Fertilit\u00e9 de Montr\u00e9al","og_description":"Carri&egrave;res Le centre de Fertilit&eacute; de Montr&eacute;al est une clinique priv&eacute;e de fertilit&eacute; qui donne des soins de reproduction assist&eacute;e du plus haut niveau dans un environnement positif.Nous sommes pr&eacute;sentement &agrave; la recherche d&rsquo;individus responsables et enthousiastes int&eacute;ress&eacute;s &agrave; faire carri&egrave;re dans le domaine de la reproduction dans le cadre d&rsquo;une &eacute;quipe dynamique. Nous avons possiblement des postes disponibles dans ... Read More","og_url":"https:\/\/www.montrealfertility.com\/fr\/careers\/","og_site_name":"Montreal Fertility Center","article_modified_time":"2020-02-18T21:27:27+00:00","twitter_card":"summary_large_image","schema":{"@context":"https:\/\/schema.org","@graph":[{"@type":"WebPage","@id":"https:\/\/www.montrealfertility.com\/fr\/careers\/","url":"https:\/\/www.montrealfertility.com\/fr\/careers\/","name":"Carri\u00e8res en Fertilit\u00e9 | Le Centre de Fertilit\u00e9 de Montr\u00e9al","isPartOf":{"@id":"https:\/\/www.montrealfertility.com\/#website"},"datePublished":"2019-12-02T21:46:01+00:00","dateModified":"2020-02-18T21:27:27+00:00","breadcrumb":{"@id":"https:\/\/www.montrealfertility.com\/fr\/careers\/#breadcrumb"},"inLanguage":"fr-FR","potentialAction":[{"@type":"ReadAction","target":["https:\/\/www.montrealfertility.com\/fr\/careers\/"]}]},{"@type":"BreadcrumbList","@id":"https:\/\/www.montrealfertility.com\/fr\/careers\/#breadcrumb","itemListElement":[{"@type":"ListItem","position":1,"name":"Home","item":"https:\/\/www.montrealfertility.com\/fr\/"},{"@type":"ListItem","position":2,"name":"Carri\u00e8res"}]},{"@type":"WebSite","@id":"https:\/\/www.montrealfertility.com\/#website","url":"https:\/\/www.montrealfertility.com\/","name":"Montreal Fertility Center","description":"Fertility Clinic in Montreal, QC, Canada.","publisher":{"@id":"https:\/\/www.montrealfertility.com\/#organization"},"potentialAction":[{"@type":"SearchAction","target":{"@type":"EntryPoint","urlTemplate":"https:\/\/www.montrealfertility.com\/?s={search_term_string}"},"query-input":"required name=search_term_string"}],"inLanguage":"fr-FR"},{"@type":"Organization","@id":"https:\/\/www.montrealfertility.com\/#organization","name":"The Montreal Fertility Center","url":"https:\/\/www.montrealfertility.com\/","logo":{"@type":"ImageObject","inLanguage":"fr-FR","@id":"https:\/\/www.montrealfertility.com\/#\/schema\/logo\/image\/","url":"https:\/\/www.montrealfertility.com\/wp-content\/uploads\/2019\/12\/montreal-fertility-center.png","contentUrl":"https:\/\/www.montrealfertility.com\/wp-content\/uploads\/2019\/12\/montreal-fertility-center.png","width":192,"height":191,"caption":"The Montreal Fertility Center"},"image":{"@id":"https:\/\/www.montrealfertility.com\/#\/schema\/logo\/image\/"}}]}},"_links":{"self":[{"href":"https:\/\/www.montrealfertility.com\/fr\/wp-json\/wp\/v2\/pages\/538","targetHints":{"allow":["GET"]}}],"collection":[{"href":"https:\/\/www.montrealfertility.com\/fr\/wp-json\/wp\/v2\/pages"}],"about":[{"href":"https:\/\/www.montrealfertility.com\/fr\/wp-json\/wp\/v2\/types\/page"}],"author":[{"embeddable":true,"href":"https:\/\/www.montrealfertility.com\/fr\/wp-json\/wp\/v2\/users\/1"}],"replies":[{"embeddable":true,"href":"https:\/\/www.montrealfertility.com\/fr\/wp-json\/wp\/v2\/comments?post=538"}],"version-history":[{"count":2,"href":"https:\/\/www.montrealfertility.com\/fr\/wp-json\/wp\/v2\/pages\/538\/revisions"}],"predecessor-version":[{"id":540,"href":"https:\/\/www.montrealfertility.com\/fr\/wp-json\/wp\/v2\/pages\/538\/revisions\/540"}],"wp:attachment":[{"href":"https:\/\/www.montrealfertility.com\/fr\/wp-json\/wp\/v2\/media?parent=538"}],"curies":[{"name":"wp","href":"https:\/\/api.w.org\/{rel}","templated":true}]}}