{"id":550,"date":"2019-12-04T15:55:23","date_gmt":"2019-12-04T20:55:23","guid":{"rendered":"https:\/\/www.montrealfertility.com\/quebec-program-of-assisted-reproduction\/"},"modified":"2022-04-28T17:47:31","modified_gmt":"2022-04-28T21:47:31","slug":"programme-de-procreation-assistee-au-quebec","status":"publish","type":"page","link":"https:\/\/www.montrealfertility.com\/fr\/programme-de-procreation-assistee-au-quebec\/","title":{"rendered":"Programme de procr\u00e9ation assist\u00e9e au Qu\u00e9bec"},"content":{"rendered":"<div id=\"cs-content\" class=\"cs-content\"><\/div>\n","protected":false},"excerpt":{"rendered":"<p>Programme de procr&eacute;ation assist&eacute;e au Qu&eacute;bec Le 11 novembre 2020, le minist&egrave;re de la sant&eacute; du Qu&eacute;bec a d&eacute;pos&eacute; un projet de loi (loi 73, http:\/\/m.assnat.qc.ca\/fr\/travaux-parlementaires\/projets-loi\/projet-loi-73-42-1.html), adopt&eacute; en mars 2021, afin de modifier plusieurs dispositions reli&eacute;es &agrave; la procr&eacute;ation assist&eacute;e (ins&eacute;minations intra-ut&eacute;rines et FIV, https:\/\/www.quebec.ca\/famille-et-soutien-aux-personnes\/grossesse-et-parentalite\/procreation-medicalement-assistee\/programme-pma). Veuillez noter que la loi 73 a d&eacute;but&eacute; le 15 novembre 2021, et: Offre une &#8230; <a href=\"https:\/\/www.montrealfertility.com\/fr\/programme-de-procreation-assistee-au-quebec\/\" class=\"more-link\">Read More<\/a><\/p>\n","protected":false},"author":1,"featured_media":0,"parent":0,"menu_order":0,"comment_status":"closed","ping_status":"closed","template":"template-blank-4.php","meta":{"footnotes":""},"class_list":["post-550","page","type-page","status-publish","hentry","no-post-thumbnail"],"yoast_head":"<!-- This site is optimized with the Yoast SEO plugin v22.7 - https:\/\/yoast.com\/wordpress\/plugins\/seo\/ -->\n<title>Programme de Procr\u00e9ation Assist\u00e9e | Le Centre de Fertilit\u00e9 de Montr\u00e9al<\/title>\n<meta name=\"robots\" content=\"index, follow, max-snippet:-1, max-image-preview:large, max-video-preview:-1\" \/>\n<link rel=\"canonical\" href=\"https:\/\/www.montrealfertility.com\/fr\/programme-de-procreation-assistee-au-quebec\/\" \/>\n<meta property=\"og:locale\" content=\"fr_FR\" \/>\n<meta property=\"og:type\" content=\"article\" \/>\n<meta property=\"og:title\" content=\"Programme de Procr\u00e9ation Assist\u00e9e | Le Centre de Fertilit\u00e9 de Montr\u00e9al\" \/>\n<meta property=\"og:description\" content=\"Programme de procr&eacute;ation assist&eacute;e au Qu&eacute;bec Le 11 novembre 2020, le minist&egrave;re de la sant&eacute; du Qu&eacute;bec a d&eacute;pos&eacute; un projet de loi (loi 73, http:\/\/m.assnat.qc.ca\/fr\/travaux-parlementaires\/projets-loi\/projet-loi-73-42-1.html), adopt&eacute; en mars 2021, afin de modifier plusieurs dispositions reli&eacute;es &agrave; la procr&eacute;ation assist&eacute;e (ins&eacute;minations intra-ut&eacute;rines et FIV, https:\/\/www.quebec.ca\/famille-et-soutien-aux-personnes\/grossesse-et-parentalite\/procreation-medicalement-assistee\/programme-pma). Veuillez noter que la loi 73 a d&eacute;but&eacute; le 15 novembre 2021, et: Offre une ... Read More\" \/>\n<meta property=\"og:url\" content=\"https:\/\/www.montrealfertility.com\/fr\/programme-de-procreation-assistee-au-quebec\/\" \/>\n<meta property=\"og:site_name\" content=\"Montreal Fertility Center\" \/>\n<meta property=\"article:modified_time\" content=\"2022-04-28T21:47:31+00:00\" \/>\n<meta name=\"twitter:card\" content=\"summary_large_image\" \/>\n<meta name=\"twitter:label1\" content=\"Dur\u00e9e de lecture estim\u00e9e\" \/>\n\t<meta name=\"twitter:data1\" content=\"3 minutes\" \/>\n<script type=\"application\/ld+json\" class=\"yoast-schema-graph\">{\"@context\":\"https:\/\/schema.org\",\"@graph\":[{\"@type\":\"WebPage\",\"@id\":\"https:\/\/www.montrealfertility.com\/fr\/programme-de-procreation-assistee-au-quebec\/\",\"url\":\"https:\/\/www.montrealfertility.com\/fr\/programme-de-procreation-assistee-au-quebec\/\",\"name\":\"Programme de Procr\u00e9ation Assist\u00e9e | Le Centre de Fertilit\u00e9 de Montr\u00e9al\",\"isPartOf\":{\"@id\":\"https:\/\/www.montrealfertility.com\/#website\"},\"datePublished\":\"2019-12-04T20:55:23+00:00\",\"dateModified\":\"2022-04-28T21:47:31+00:00\",\"breadcrumb\":{\"@id\":\"https:\/\/www.montrealfertility.com\/fr\/programme-de-procreation-assistee-au-quebec\/#breadcrumb\"},\"inLanguage\":\"fr-FR\",\"potentialAction\":[{\"@type\":\"ReadAction\",\"target\":[\"https:\/\/www.montrealfertility.com\/fr\/programme-de-procreation-assistee-au-quebec\/\"]}]},{\"@type\":\"BreadcrumbList\",\"@id\":\"https:\/\/www.montrealfertility.com\/fr\/programme-de-procreation-assistee-au-quebec\/#breadcrumb\",\"itemListElement\":[{\"@type\":\"ListItem\",\"position\":1,\"name\":\"Home\",\"item\":\"https:\/\/www.montrealfertility.com\/fr\/\"},{\"@type\":\"ListItem\",\"position\":2,\"name\":\"Programme de procr\u00e9ation assist\u00e9e au Qu\u00e9bec\"}]},{\"@type\":\"WebSite\",\"@id\":\"https:\/\/www.montrealfertility.com\/#website\",\"url\":\"https:\/\/www.montrealfertility.com\/\",\"name\":\"Montreal Fertility Center\",\"description\":\"Fertility Clinic in Montreal, QC, Canada.\",\"publisher\":{\"@id\":\"https:\/\/www.montrealfertility.com\/#organization\"},\"potentialAction\":[{\"@type\":\"SearchAction\",\"target\":{\"@type\":\"EntryPoint\",\"urlTemplate\":\"https:\/\/www.montrealfertility.com\/?s={search_term_string}\"},\"query-input\":\"required name=search_term_string\"}],\"inLanguage\":\"fr-FR\"},{\"@type\":\"Organization\",\"@id\":\"https:\/\/www.montrealfertility.com\/#organization\",\"name\":\"The Montreal Fertility Center\",\"url\":\"https:\/\/www.montrealfertility.com\/\",\"logo\":{\"@type\":\"ImageObject\",\"inLanguage\":\"fr-FR\",\"@id\":\"https:\/\/www.montrealfertility.com\/#\/schema\/logo\/image\/\",\"url\":\"https:\/\/www.montrealfertility.com\/wp-content\/uploads\/2019\/12\/montreal-fertility-center.png\",\"contentUrl\":\"https:\/\/www.montrealfertility.com\/wp-content\/uploads\/2019\/12\/montreal-fertility-center.png\",\"width\":192,\"height\":191,\"caption\":\"The Montreal Fertility Center\"},\"image\":{\"@id\":\"https:\/\/www.montrealfertility.com\/#\/schema\/logo\/image\/\"}}]}<\/script>\n<!-- \/ Yoast SEO plugin. -->","yoast_head_json":{"title":"Programme de Procr\u00e9ation Assist\u00e9e | Le Centre de Fertilit\u00e9 de Montr\u00e9al","robots":{"index":"index","follow":"follow","max-snippet":"max-snippet:-1","max-image-preview":"max-image-preview:large","max-video-preview":"max-video-preview:-1"},"canonical":"https:\/\/www.montrealfertility.com\/fr\/programme-de-procreation-assistee-au-quebec\/","og_locale":"fr_FR","og_type":"article","og_title":"Programme de Procr\u00e9ation Assist\u00e9e | Le Centre de Fertilit\u00e9 de Montr\u00e9al","og_description":"Programme de procr&eacute;ation assist&eacute;e au Qu&eacute;bec Le 11 novembre 2020, le minist&egrave;re de la sant&eacute; du Qu&eacute;bec a d&eacute;pos&eacute; un projet de loi (loi 73, http:\/\/m.assnat.qc.ca\/fr\/travaux-parlementaires\/projets-loi\/projet-loi-73-42-1.html), adopt&eacute; en mars 2021, afin de modifier plusieurs dispositions reli&eacute;es &agrave; la procr&eacute;ation assist&eacute;e (ins&eacute;minations intra-ut&eacute;rines et FIV, https:\/\/www.quebec.ca\/famille-et-soutien-aux-personnes\/grossesse-et-parentalite\/procreation-medicalement-assistee\/programme-pma). Veuillez noter que la loi 73 a d&eacute;but&eacute; le 15 novembre 2021, et: Offre une ... Read More","og_url":"https:\/\/www.montrealfertility.com\/fr\/programme-de-procreation-assistee-au-quebec\/","og_site_name":"Montreal Fertility Center","article_modified_time":"2022-04-28T21:47:31+00:00","twitter_card":"summary_large_image","twitter_misc":{"Dur\u00e9e de lecture estim\u00e9e":"3 minutes"},"schema":{"@context":"https:\/\/schema.org","@graph":[{"@type":"WebPage","@id":"https:\/\/www.montrealfertility.com\/fr\/programme-de-procreation-assistee-au-quebec\/","url":"https:\/\/www.montrealfertility.com\/fr\/programme-de-procreation-assistee-au-quebec\/","name":"Programme de Procr\u00e9ation Assist\u00e9e | Le Centre de Fertilit\u00e9 de Montr\u00e9al","isPartOf":{"@id":"https:\/\/www.montrealfertility.com\/#website"},"datePublished":"2019-12-04T20:55:23+00:00","dateModified":"2022-04-28T21:47:31+00:00","breadcrumb":{"@id":"https:\/\/www.montrealfertility.com\/fr\/programme-de-procreation-assistee-au-quebec\/#breadcrumb"},"inLanguage":"fr-FR","potentialAction":[{"@type":"ReadAction","target":["https:\/\/www.montrealfertility.com\/fr\/programme-de-procreation-assistee-au-quebec\/"]}]},{"@type":"BreadcrumbList","@id":"https:\/\/www.montrealfertility.com\/fr\/programme-de-procreation-assistee-au-quebec\/#breadcrumb","itemListElement":[{"@type":"ListItem","position":1,"name":"Home","item":"https:\/\/www.montrealfertility.com\/fr\/"},{"@type":"ListItem","position":2,"name":"Programme de procr\u00e9ation assist\u00e9e au Qu\u00e9bec"}]},{"@type":"WebSite","@id":"https:\/\/www.montrealfertility.com\/#website","url":"https:\/\/www.montrealfertility.com\/","name":"Montreal Fertility Center","description":"Fertility Clinic in Montreal, QC, Canada.","publisher":{"@id":"https:\/\/www.montrealfertility.com\/#organization"},"potentialAction":[{"@type":"SearchAction","target":{"@type":"EntryPoint","urlTemplate":"https:\/\/www.montrealfertility.com\/?s={search_term_string}"},"query-input":"required name=search_term_string"}],"inLanguage":"fr-FR"},{"@type":"Organization","@id":"https:\/\/www.montrealfertility.com\/#organization","name":"The Montreal Fertility Center","url":"https:\/\/www.montrealfertility.com\/","logo":{"@type":"ImageObject","inLanguage":"fr-FR","@id":"https:\/\/www.montrealfertility.com\/#\/schema\/logo\/image\/","url":"https:\/\/www.montrealfertility.com\/wp-content\/uploads\/2019\/12\/montreal-fertility-center.png","contentUrl":"https:\/\/www.montrealfertility.com\/wp-content\/uploads\/2019\/12\/montreal-fertility-center.png","width":192,"height":191,"caption":"The Montreal Fertility Center"},"image":{"@id":"https:\/\/www.montrealfertility.com\/#\/schema\/logo\/image\/"}}]}},"_links":{"self":[{"href":"https:\/\/www.montrealfertility.com\/fr\/wp-json\/wp\/v2\/pages\/550","targetHints":{"allow":["GET"]}}],"collection":[{"href":"https:\/\/www.montrealfertility.com\/fr\/wp-json\/wp\/v2\/pages"}],"about":[{"href":"https:\/\/www.montrealfertility.com\/fr\/wp-json\/wp\/v2\/types\/page"}],"author":[{"embeddable":true,"href":"https:\/\/www.montrealfertility.com\/fr\/wp-json\/wp\/v2\/users\/1"}],"replies":[{"embeddable":true,"href":"https:\/\/www.montrealfertility.com\/fr\/wp-json\/wp\/v2\/comments?post=550"}],"version-history":[{"count":8,"href":"https:\/\/www.montrealfertility.com\/fr\/wp-json\/wp\/v2\/pages\/550\/revisions"}],"predecessor-version":[{"id":757,"href":"https:\/\/www.montrealfertility.com\/fr\/wp-json\/wp\/v2\/pages\/550\/revisions\/757"}],"wp:attachment":[{"href":"https:\/\/www.montrealfertility.com\/fr\/wp-json\/wp\/v2\/media?parent=550"}],"curies":[{"name":"wp","href":"https:\/\/api.w.org\/{rel}","templated":true}]}}